{"id":5966,"date":"2020-12-10T13:49:42","date_gmt":"2020-12-10T10:49:42","guid":{"rendered":"https:\/\/www.baridamakina.com\/?page_id=5966"},"modified":"2020-12-10T14:47:15","modified_gmt":"2020-12-10T11:47:15","slug":"kvkk-aydinlatma-metni","status":"publish","type":"page","link":"https:\/\/www.baridamakina.com\/en\/kvkk-aydinlatma-metni\/","title":{"rendered":"KVKK Ayd\u0131nlatma Metni"},"content":{"rendered":"<div data-elementor-type=\"wp-page\" data-elementor-id=\"5966\" class=\"elementor elementor-5966\">\n\t\t\t\t\t\t\t\t\t<section class=\"elementor-section elementor-top-section elementor-element elementor-element-c5f52b6 elementor-section-boxed elementor-section-height-default elementor-section-height-default\" data-id=\"c5f52b6\" data-element_type=\"section\">\n\t\t\t\t\t\t<div class=\"elementor-container elementor-column-gap-default\">\n\t\t\t\t\t<div class=\"elementor-column elementor-col-100 elementor-top-column elementor-element elementor-element-3cf5695\" data-id=\"3cf5695\" data-element_type=\"column\">\n\t\t\t<div class=\"elementor-widget-wrap elementor-element-populated\">\n\t\t\t\t\t\t\t\t<div class=\"elementor-element elementor-element-5d1cbc3 elementor-widget elementor-widget-text-editor\" data-id=\"5d1cbc3\" data-element_type=\"widget\" data-widget_type=\"text-editor.default\">\n\t\t\t\t<div class=\"elementor-widget-container\">\n\t\t\t\t\t\t\t<p><strong>Ki\u015fisel Verilerin \u0130\u015flenmesi Hakk\u0131nda Ayd\u0131nlatma Metni<\/strong><\/p><p>BAR\u0130DA MAK\u0130NA SANAY\u0130 T\u0130CARET L\u0130M\u0130TED \u015e\u0130RKET\u0130 olarak, ki\u015fisel verilerinizin g\u00fcvenli\u011fine ve mahremiyetine olduk\u00e7a \u00f6nem veriyor ve bu verilerinizi i\u015flemek ve muhafaza etmek i\u00e7in m\u00fcmk\u00fcn olan en \u00fcst seviyede g\u00fcvenlik tedbirlerini almaya \u00e7al\u0131\u015f\u0131yoruz. Ki\u015fisel verilerinizi, 6698 say\u0131l\u0131 Ki\u015fisel Verilerin Korunmas\u0131 Kanunu <strong>(\u201cKVKK\u201d)<\/strong> ve ilgili yasal mevzuat kapsam\u0131nda ve \u201cveri sorumlusu\u201d s\u0131fat\u0131m\u0131zla a\u015fa\u011f\u0131da a\u00e7\u0131klanan kapsamda i\u015flemekteyiz.<\/p><p>BAR\u0130DA MAK\u0130NA SANAY\u0130 T\u0130CARET L\u0130M\u0130TED \u015e\u0130RKET\u0130 Ki\u015fisel Verilerin \u0130\u015flenmesi Hakk\u0131nda Ayd\u0131nlatma Metni, <strong>(\u201cAyd\u0131nlatma Metni\u201d<\/strong>) KVKK\u2019 n\u0131n 10. maddesinde yer alan \u201cVeri Sorumlusu\u2019 nun Ayd\u0131nlatma Y\u00fck\u00fcml\u00fcl\u00fc\u011f\u00fc\u201d\u00a0 ba\u015fl\u0131kl\u0131 maddesi uyar\u0131nca; veri sorumlusunun kimli\u011fi, ki\u015fisel verilerinizin toplanma y\u00f6ntemi ve hukuki sebebi, bu verilerin hangi ama\u00e7la i\u015flenece\u011fi, kimlere ve hangi ama\u00e7la aktar\u0131labilece\u011fi, veri i\u015fleme s\u00fcresi ve KVKK\u2019 n\u0131n 11. maddesinde say\u0131lan haklar\u0131n\u0131z\u0131n neler oldu\u011fu ile ilgili sizi en \u015feffaf \u015fekilde bilgilendirme amac\u0131yla haz\u0131rlanm\u0131\u015ft\u0131r. Ayd\u0131nlatma Metni\u2019nde \u201cKi\u015fisel Verileriniz\u201d i\u00e7in yap\u0131lan a\u00e7\u0131klamalar, \u201c\u00d6zel Nitelikli Ki\u015fisel Veriler\u201d inizi de kapsamaktad\u0131r.<\/p><ul><li><strong>Ki\u015fisel Verilerinizin Toplanma Y\u00f6ntemi ve Hukuki Sebebi:<\/strong><\/li><\/ul><p>Ki\u015fisel verileriniz, BAR\u0130DA MAK\u0130NA SANAY\u0130 T\u0130CARET L\u0130M\u0130TED \u015e\u0130RKET\u0130 ile aran\u0131zdaki ili\u015fkiye ba\u011fl\u0131 olarak de\u011fi\u015fkenlik g\u00f6sterebilmekle birlikte; otomatik ya da otomatik olmayan y\u00f6ntemlerle, BAR\u0130DA MAK\u0130NA SANAY\u0130 T\u0130CARET L\u0130M\u0130TED \u015e\u0130RKET\u0130 ba\u011fl\u0131 birimleri, internet sitesi, sosyal medya mecralar\u0131, \u00e7a\u011fr\u0131 merkezi, mobil uygulamalar ve benzeri vas\u0131talarla s\u00f6zl\u00fc, yaz\u0131l\u0131 ya da elektronik olarak toplanabilecektir. Ki\u015fisel verileriniz, BAR\u0130DA MAK\u0130NA SANAY\u0130 T\u0130CARET L\u0130M\u0130TED \u015e\u0130RKET\u0130 ile ili\u015fkiniz devam etti\u011fi m\u00fcddet\u00e7e olu\u015fturularak ve g\u00fcncellenerek i\u015flenebilecek ve hem dijital hem de fiziki ortamda muhafaza alt\u0131nda tutulabilecektir.<\/p><p>Ki\u015fisel verileriniz, a\u015fa\u011f\u0131da ikinci maddede yer alan ama\u00e7lar do\u011frultusunda ve 6698 say\u0131l\u0131 Kanun\u2019un 5. ve 6. maddelerinde belirtilen ki\u015fisel veri i\u015fleme \u015fartlar\u0131 ve ama\u00e7lar\u0131 kapsam\u0131nda i\u015flenebilmekte ve aktar\u0131labilmektedir.<\/p><ul><li><strong>Ki\u015fisel Verilerinizin \u0130\u015flenme Ama\u00e7lar\u0131:<\/strong><\/li><\/ul><p>Toplanan ki\u015fisel verileriniz;<\/p><ul><li>BAR\u0130DA MAK\u0130NA SANAY\u0130 T\u0130CARET L\u0130M\u0130TED \u015e\u0130RKET\u0130 <strong>ile ili\u015fkisi bulunan <\/strong>ger\u00e7ek ve\/veya t\u00fczel \u00fc\u00e7\u00fcnc\u00fc ki\u015fi kurum ve kurulu\u015flar\u0131n (\u00e7al\u0131\u015fanlar, ziyaret\u00e7iler, tedarik\u00e7iler, i\u015f ortaklar\u0131 vb.) BAR\u0130DA MAK\u0130NA SANAY\u0130 T\u0130CARET L\u0130M\u0130TED \u015e\u0130RKET\u0130 ba\u011fl\u0131 Merkez ve birimlerinin \u00fcr\u00fcn ve hizmetlerinden yararlanabilmeleri i\u00e7in gerekli \u00e7al\u0131\u015fmalar\u0131n ilgili i\u015f birimlerimiz taraf\u0131ndan yap\u0131labilmesi,<\/li><li>BAR\u0130DA MAK\u0130NA SANAY\u0130 T\u0130CARET L\u0130M\u0130TED \u015e\u0130RKET\u0130 <strong>ba\u011fl\u0131 merkez ve birimlerinde bulunan <\/strong>ger\u00e7ek ve\/veya t\u00fczel \u00fc\u00e7\u00fcnc\u00fc ki\u015fi kurum ve kurulu\u015flar\u0131n (\u00e7al\u0131\u015fanlar, ziyaret\u00e7iler, hastalar, tedarik\u00e7iler, i\u015f ortaklar\u0131 vb.) can ve mal g\u00fcvenlikleri ile <strong>hukuki, ticari ve i\u015f sa\u011fl\u0131\u011f\u0131 g\u00fcvenliklerinin temini,<\/strong><\/li><li>4857 say\u0131l\u0131 \u0130\u015f Kanunu, 6102 say\u0131l\u0131 T\u00fcrk Ticaret Kanunu, 6098 say\u0131l\u0131 T\u00fcrk Bor\u00e7lar Kanunu, 6502 say\u0131l\u0131 T\u00fcketicinin Korunmas\u0131 Hakk\u0131nda Kanun, 3308 say\u0131l\u0131 Mesleki E\u011fitim Kanunu, 6331 say\u0131l\u0131 \u0130\u015f Sa\u011fl\u0131\u011f\u0131 ve G\u00fcvenli\u011fi Kanunu, 6698 say\u0131l\u0131 Ki\u015fisel Verilerin Korunmas\u0131 Kanunu, 5651 say\u0131l\u0131 \u0130nternet Ortam\u0131nda Yap\u0131lan Yay\u0131nlar\u0131n D\u00fczenlenmesi ve Bu Yay\u0131nlar Yoluyla \u0130\u015flenen Su\u00e7larla M\u00fccadele Edilmesi Hakk\u0131nda Kanun, 213 say\u0131l\u0131 Vergi Usul Kanunu, 5510 say\u0131l\u0131 Sosyal Sigortalar ve Genel Sa\u011fl\u0131k Sigortas\u0131 Kanunu, ilgili t\u00fcm kanunlardan ve ikincil d\u00fczenlemelerden do\u011fan\/do\u011fabilecek yasal ve d\u00fczenleyici gereksinimlerin yerine getirilmesi ve bu kapsamda gerekli tedbirlerin al\u0131nabilmesi,<\/li><li>G\u00f6revli ve yetkili kamu kurum ve kurulu\u015flar\u0131 ile kamu kurumu niteli\u011findeki meslek kurulu\u015flar\u0131nca yap\u0131lacak denetleme ve\/veya d\u00fczenleme g\u00f6revlerinin y\u00fcr\u00fct\u00fclmesi,<\/li><li>\u00c7al\u0131\u015fmalardan, etkinliklerden ve organizasyonlardan yararlan\u0131labilmesi; ayr\u0131ca dernek, vak\u0131f, sivil toplum kurulu\u015fu ve\/veya sendikalarla herhangi bir i\u015fbirli\u011fi ve\/veya ba\u011flant\u0131s\u0131 bulunan bir kul\u00fcbe \u00fcye olunmas\u0131 halinde, bu \u00fcyelik ile ilgili kanunlarda \u00f6ng\u00f6r\u00fclen kay\u0131tlar\u0131n tutulabilmesi,<\/li><li>Yarg\u0131 organlar\u0131n\u0131n ve\/veya idari makamlar\u0131n istedi\u011fi bilgi ve belge taleplerinin yerine getirilmesi,<\/li><li>BAR\u0130DA MAK\u0130NA SANAY\u0130 T\u0130CARET L\u0130M\u0130TED \u015e\u0130RKET\u0130 ba\u011fl\u0131 t\u00fcm merkez ve birimlerde sunulan \u00fcr\u00fcn ve hizmetlerin kullan\u0131m \u015fekline ili\u015fkin listeleme, raporlama, do\u011frulama analiz \u00e7al\u0131\u015fmas\u0131 yapmak, bu hususta istatistiki ve bilimsel bilgiler \u00fcretmek, buna ba\u011fl\u0131 olarak \u00fcr\u00fcn ve hizmetlerimizi geli\u015ftirmek, \u00fcr\u00fcn ve hizmetlerimize ili\u015fkin memnuniyeti artt\u0131rmak ve bu kapsamda kullan\u0131c\u0131ya ili\u015fkin \u00f6zelle\u015ftirmelerde bulunmak,<\/li><li>\u00dcr\u00fcn ve hizmetlerimize ili\u015fkin, pazar ara\u015ft\u0131rmas\u0131, tan\u0131t\u0131m ve gerekli bilgilendirmeyi yapabilmek, \u015fikayet ve \u00f6nerileri de\u011ferlendirebilmek ve \u015firket ile payla\u015f\u0131lan ileti\u015fim kanallar\u0131 \u00fczerinden do\u011frudan sizinle irtibata ge\u00e7ebilmek,<\/li><li>Akademik e\u011fitimler, bilimsel ara\u015ft\u0131rmalar, proje ba\u015fvurular\u0131, FSEK ve S\u0131nai M\u00fclkiyet Kanunu kapsam\u0131ndaki haklara ili\u015fkin ba\u015fvuru, devir vb. her t\u00fcrl\u00fc i\u015flemler ile yay\u0131n, dan\u0131\u015fmanl\u0131k vb. her t\u00fcrl\u00fc faaliyetin s\u00fcrd\u00fcr\u00fclebilmesi,<\/li><li>BAR\u0130DA MAK\u0130NA SANAY\u0130 T\u0130CARET L\u0130M\u0130TED \u015e\u0130RKET\u0130 t\u00fcm \u0130nsan Kaynaklar\u0131 s\u00fcre\u00e7 ve politikalar\u0131n\u0131n y\u00fcr\u00fct\u00fclmesi,<\/li><li>BAR\u0130DA MAK\u0130NA SANAY\u0130 T\u0130CARET L\u0130M\u0130TED \u015e\u0130RKET\u0130 <strong>idari ve akademik s\u00fcre\u00e7lerinin, i\u015f stratejilerinin ve yasal uyum s\u00fcre\u00e7lerinin belirlenmesi, geli\u015ftirilmesi ve uygulanmas\u0131,<\/strong><\/li><li>BAR\u0130DA MAK\u0130NA SANAY\u0130 T\u0130CARET L\u0130M\u0130TED \u015e\u0130RKET\u0130 <strong>ba\u011fl\u0131 merkez ve birimlerin akreditasyon ve de\u011ferlendirme \u00e7al\u0131\u015fmalar\u0131n\u0131n yap\u0131labilmesi,<\/strong><\/li><li>Kamu d\u00fczeninin ve sa\u011fl\u0131\u011f\u0131n\u0131n korunmas\u0131,<\/li><li>Koruyucu hekimlik, t\u0131bb\u00ee te\u015fhis, tedavi ve bak\u0131m, medikal malzemelerinin temini gibi sa\u011fl\u0131k hizmetlerinin y\u00fcr\u00fct\u00fclmesi ve y\u00f6netilmesi<\/li><li>Sunulan t\u00fcm hizmetlerin finansman\u0131n\u0131n planlanmas\u0131 ve y\u00f6netimi, faturaland\u0131r\u0131lmas\u0131n\u0131n yap\u0131lmas\u0131,<\/li><li>T\u00fcm \u00e7al\u0131\u015fanlar\u0131n e\u011fitilmesi ve geli\u015ftirilmesi,<\/li><li>E\u011fitim, seminer vb. organizasyonlara kat\u0131l\u0131m taleplerinin yerine getirilmesi,\u00a0<\/li><li>Risk y\u00f6netimi ve kalite geli\u015ftirme aktivitelerinin yerine getirilmesi,<\/li><li>Anla\u015fmal\u0131 olunan \u00f6zel sigorta \u015firketleri ve\/veya di\u011fer kurumlar taraf\u0131ndan, anla\u015fmalar \u00e7er\u00e7evesinde sunulan teklif, promosyon, muafiyet vb. hak ve y\u00fck\u00fcml\u00fcl\u00fcklerin yerine getirilmesi,<\/li><li>Veri g\u00fcvenli\u011fi kapsam\u0131nda, sistem ve uygulamalar i\u00e7in gerekli t\u00fcm teknik ve idari tedbirlerin al\u0131nmas\u0131,<\/li><\/ul><p>ama\u00e7lar\u0131yla, 6698 say\u0131l\u0131 Kanun\u2019un 5. ve 6. maddelerinde belirtilen ki\u015fisel veri i\u015fleme \u015fartlar\u0131 ve ama\u00e7lar\u0131 d\u00e2hilinde i\u015flenecektir.<\/p><ul><li><strong>\u0130\u015flenen Ki\u015fisel Verilerinizin Kimlere ve Hangi Ama\u00e7la Aktar\u0131labilece\u011fi<\/strong><\/li><\/ul><p>6698 say\u0131l\u0131 Ki\u015fisel Verilerin Korunmas\u0131 Kanunu (\u201cKVKK\u201d) ve ilgili yasal mevzuat kapsam\u0131nda, i\u015fbu \u201cAyd\u0131nlatma Metni\u201d nin \u201cKi\u015fisel Verilerinizin \u0130\u015flenme Ama\u00e7lar\u0131\u201d ba\u015fl\u0131kl\u0131 \u201c2\u201d no lu maddesinde belirtilen ama\u00e7larla s\u0131n\u0131rl\u0131 ve KVKK\u2019 n\u0131n 4. maddesinde belirtilen \u201cGenel \u0130lkeler\u201d e ile 5. maddesinde belirtilen \u201cKi\u015fisel Verilerin \u0130\u015flenme \u015eartlar\u0131\u201d ve 6. Maddesinde belirtilen \u201c \u00d6zel Nitelikli Ki\u015fisel Verilerin \u0130\u015flenme \u015eartlar\u0131\u201d h\u00fck\u00fcmlerine uygun olarak i\u015flenen ki\u015fisel verileriniz, gerekti\u011finde, i\u015flenmek \u00fczere BAR\u0130DA MAK\u0130NA SANAY\u0130 T\u0130CARET L\u0130M\u0130TED \u015e\u0130RKET\u0130 ba\u011fl\u0131 merkez ve\/veya birimlerine ve\/veya i\u015ftirakleri ile bunlar\u0131n alt i\u015fverenlerine ve franchiselar\u0131na, kanunen yetkili ger\u00e7ek ve\/veya t\u00fczel \u00fc\u00e7\u00fcnc\u00fc ki\u015fi kurum ve kurulu\u015flara, BAR\u0130DA MAK\u0130NA SANAY\u0130 T\u0130CARET L\u0130M\u0130TED \u015e\u0130RKET\u0130\u2019ne ba\u011fl\u0131 merkez ve\/veya birimlerinin i\u015f ortaklar\u0131na, alt i\u015fverenlerine, tedarik\u00e7ilerine, \u00fcr\u00fcn ve hizmetlerini y\u00fcr\u00fctmek \u00fczere s\u00f6zle\u015fmesel olarak hizmet ald\u0131\u011f\u0131 ya da herhangi bir alanda i\u015fbirli\u011fi yapt\u0131\u011f\u0131,\u00a0 yurt i\u00e7inde ve\/veya yurt d\u0131\u015f\u0131nda bulunan ger\u00e7ek ve\/veya t\u00fczel \u00fc\u00e7\u00fcnc\u00fc ki\u015fi kurum ve kurulu\u015flara, KVK Kanunu\u2019nun 8. ve 9. maddelerinde belirtilen ki\u015fisel veri i\u015fleme \u015fartlar\u0131 ve ama\u00e7lar\u0131 \u00e7er\u00e7evesinde aktar\u0131labilecektir.<\/p><ul><li><strong>Veri i\u015fleme s\u00fcresi:<\/strong><\/li><\/ul><p>Ki\u015fisel verileriniz, i\u015fbu Ayd\u0131nlatma Metni\u2019 nin 2. Maddesinde belirtilen ama\u00e7larla s\u0131n\u0131rl\u0131 olmak \u00fczere; BAR\u0130DA MAK\u0130NA SANAY\u0130 T\u0130CARET L\u0130M\u0130TED \u015e\u0130RKET\u0130 ba\u011fl\u0131 merkez ve birimlerinin tabi oldu\u011fu, ilgili t\u00fcm kanun ve sair yasal mevzuatta yer alan veri i\u015fleme ve zamana\u015f\u0131m\u0131 s\u00fcrelerine riayet edilerek i\u015flenecektir. Kanunlarda veri i\u015fleme s\u00fcrelerine ili\u015fkin de\u011fi\u015fiklik yap\u0131lmas\u0131 halinde, belirlenen yeni s\u00fcreler esas al\u0131nacakt\u0131r.<\/p><ul><li><strong>Ki\u015fisel Veri Sahibinin KVKK m. 11\u2019de Say\u0131lan Haklar\u0131:<\/strong><\/li><\/ul><p>KVKK\u2019 n\u0131n \u201c\u0130stisnalar\u201d ba\u015fl\u0131kl\u0131 28. maddesinde \u00f6ng\u00f6r\u00fclen haller sakl\u0131 kalmak kayd\u0131yla, Kanun\u2019un 11. maddesi \u00e7er\u00e7evesinde \u015firketimize ba\u015fvurarak, ki\u015fisel verilerinizin;<\/p><ol><li>\u0130\u015flenip i\u015flenmedi\u011fini \u00f6\u011frenme,<\/li><li>\u0130\u015flenmi\u015fse buna ili\u015fkin bilgi verilmesini talep etme,<\/li><li>\u0130\u015flenme amac\u0131n\u0131 ve bu amaca uygun kullan\u0131l\u0131p kullan\u0131lmad\u0131\u011f\u0131n\u0131 \u00f6\u011frenme,<\/li><li>Yurt i\u00e7inde veya yurt d\u0131\u015f\u0131nda aktar\u0131ld\u0131\u011f\u0131 \u00fc\u00e7\u00fcnc\u00fc ki\u015fileri bilme,<\/li><li>Eksik veya yanl\u0131\u015f i\u015flenmi\u015f ise d\u00fczeltilmesini isteme,<\/li><li>Kanun\u2019un 7. maddesinde \u00f6ng\u00f6r\u00fclen \u015fartlar \u00e7er\u00e7evesinde ki\u015fisel verilerinizin silinmesini veya yok edilmesini isteme,<\/li><li>(e) ve (f) bentleri uyar\u0131nca yap\u0131lan i\u015flemlerin ki\u015fisel verilerin aktar\u0131ld\u0131\u011f\u0131 \u00fc\u00e7\u00fcnc\u00fc ki\u015filere bildirilmesin isteme,<\/li><li>M\u00fcnhas\u0131ran otomatik sistemler ile analiz edilmesi nedeniyle aleyhinize bir sonucun ortaya \u00e7\u0131kmas\u0131na itiraz etme,<\/li><li>Kanuna ayk\u0131r\u0131 olarak i\u015flenmesi sebebiyle zarara u\u011framan\u0131z h\u00e2linde zarar\u0131n giderilmesini talep etme, haklar\u0131na sahipsiniz.<\/li><\/ol><p>Ba\u015fvurular, \u015firketimize ait \u2018<u>www.baridamakina.com\u2019<\/u> adresinde yer alan \u2018Veri Sahibi Ba\u015fvuru Formu\u2019\u00a0 doldurulduktan sonra, a\u015fa\u011f\u0131da yer alan y\u00f6ntemlerle yaz\u0131l\u0131 veya elektronik ortamda yap\u0131labilecektir.<\/p><p><u>Yaz\u0131l\u0131 olarak talepte bulunulmas\u0131 halinde;<\/u><\/p><p>Veri Sahibi Ba\u015fvuru Formu\u2019 nun \u0131slak imzal\u0131 bir n\u00fcshas\u0131n\u0131, \u0130nsan Kaynaklar\u0131 M\u00fcd\u00fcrl\u00fc\u011f\u00fc\u2019ne kimli\u011finizi tespit edici bir belge ile \u015fahsen veya 11. Madde kapsam\u0131nda say\u0131lan haklara ili\u015fkin ba\u015fvuru yapmaya yetkili oldu\u011funuzu g\u00f6sterir ve noter tasdikli bir vek\u00e2letname ile vekaleten teslim edebilir ya da noter arac\u0131l\u0131\u011f\u0131yla Kayapa Mahallesi Kayapa Sanayi B\u00f6lgesi 21.(530) Sokak No:8\/1 Nil\u00fcfer \/ BURSA\u00a0 adresine g\u00f6nderebilirsiniz.<\/p><p><u>Elektronik olarak talepte bulunulmas\u0131 halinde;<\/u><\/p><p><a href=\"https:\/\/www.baridamakina.com\/wp-content\/uploads\/2020\/12\/Kisisel-Veri-Sahibi-Basvuru-Formu.docx\"><i>Veri Sahibi Ba\u015fvuru Formu<\/i><\/a>\u2019nu, 5070 say\u0131l\u0131 Elektronik \u0130mza Kanunu\u2019nda tan\u0131ml\u0131 olan \u201cg\u00fcvenli elektronik imza\u201d sertifikas\u0131na sahip bir elektronik ya da mobil imza ile imzalayarak, \u201cKay\u0131tl\u0131 Elektronik Posta (KEP) adresi olan \u201c<u>baridamakina@hs03.kep.tr\u201d<\/u>\u00a0 adresine g\u00f6nderebilir ya da taraf\u0131n\u0131za ait, \u015eirkete daha \u00f6nce bildirdi\u011finiz ve \u015firket sisteminde kay\u0131tl\u0131 bulunan elektronik posta adresine g\u00f6ndermek suretiyle veya ba\u015fvuru amac\u0131na y\u00f6nelik \u015firketimiz taraf\u0131ndan geli\u015ftirilmi\u015f bir yaz\u0131l\u0131m ya da uygulama olmas\u0131 halinde bu vas\u0131talar arac\u0131l\u0131\u011f\u0131yla\u00a0 iletebilirsiniz.<\/p><p>BAR\u0130DA MAK\u0130NA SANAY\u0130 T\u0130CARET L\u0130M\u0130TED \u015e\u0130RKET\u0130 iletti\u011finiz talepleriniz, talebinizin niteli\u011fine g\u00f6re en k\u0131sa s\u00fcrede ve en ge\u00e7 otuz g\u00fcn i\u00e7erisinde, Veri Sorumlusuna Ba\u015fvuru Usul Ve Esaslar\u0131 Hakk\u0131nda Tebli\u011f\u2019 in 7. maddesinde belirlenen i\u015flem \u00fccreti kar\u015f\u0131l\u0131\u011f\u0131nda, yaz\u0131l\u0131 olarak veya elektronik ortamda cevapland\u0131r\u0131lacakt\u0131r.<\/p>\t\t\t\t\t\t<\/div>\n\t\t\t\t<\/div>\n\t\t\t\t<div class=\"elementor-element elementor-element-2f172e5 elementor-align-center elementor-widget elementor-widget-button\" data-id=\"2f172e5\" data-element_type=\"widget\" data-widget_type=\"button.default\">\n\t\t\t\t<div class=\"elementor-widget-container\">\n\t\t\t\t\t<div class=\"elementor-button-wrapper\">\n\t\t\t<a class=\"elementor-button elementor-button-link elementor-size-md\" href=\"https:\/\/www.baridamakina.com\/wp-content\/uploads\/2020\/12\/Kisisel-Veri-Sahibi-Basvuru-Formu.docx\" id=\"kvkk\">\n\t\t\t\t\t\t<span class=\"elementor-button-content-wrapper\">\n\t\t\t\t\t\t<span class=\"elementor-button-icon elementor-align-icon-left\">\n\t\t\t\t<i aria-hidden=\"true\" class=\"far fa-file-word\"><\/i>\t\t\t<\/span>\n\t\t\t\t\t\t<span class=\"elementor-button-text\">Veri Sahibi Ba\u015fvuru Formu \u0130ndir<\/span>\n\t\t<\/span>\n\t\t\t\t\t<\/a>\n\t\t<\/div>\n\t\t\t\t<\/div>\n\t\t\t\t<\/div>\n\t\t\t\t\t<\/div>\n\t\t<\/div>\n\t\t\t\t\t\t\t<\/div>\n\t\t<\/section>\n\t\t\t\t\t\t\t<\/div>","protected":false},"excerpt":{"rendered":"<p>Ki\u015fisel Verilerin \u0130\u015flenmesi Hakk\u0131nda Ayd\u0131nlatma Metni BAR\u0130DA MAK\u0130NA SANAY\u0130 T\u0130CARET L\u0130M\u0130TED \u015e\u0130RKET\u0130 olarak, ki\u015fisel verilerinizin g\u00fcvenli\u011fine ve mahremiyetine olduk\u00e7a \u00f6nem veriyor ve bu verilerinizi i\u015flemek ve muhafaza etmek i\u00e7in m\u00fcmk\u00fcn olan en \u00fcst seviyede g\u00fcvenlik tedbirlerini almaya \u00e7al\u0131\u015f\u0131yoruz. Ki\u015fisel verilerinizi, 6698 say\u0131l\u0131 Ki\u015fisel Verilerin Korunmas\u0131 Kanunu (\u201cKVKK\u201d) ve ilgili yasal mevzuat kapsam\u0131nda ve \u201cveri sorumlusu\u201d [&hellip;]<\/p>","protected":false},"author":1,"featured_media":0,"parent":0,"menu_order":0,"comment_status":"closed","ping_status":"closed","template":"","meta":[],"_links":{"self":[{"href":"https:\/\/www.baridamakina.com\/en\/wp-json\/wp\/v2\/pages\/5966"}],"collection":[{"href":"https:\/\/www.baridamakina.com\/en\/wp-json\/wp\/v2\/pages"}],"about":[{"href":"https:\/\/www.baridamakina.com\/en\/wp-json\/wp\/v2\/types\/page"}],"author":[{"embeddable":true,"href":"https:\/\/www.baridamakina.com\/en\/wp-json\/wp\/v2\/users\/1"}],"replies":[{"embeddable":true,"href":"https:\/\/www.baridamakina.com\/en\/wp-json\/wp\/v2\/comments?post=5966"}],"version-history":[{"count":13,"href":"https:\/\/www.baridamakina.com\/en\/wp-json\/wp\/v2\/pages\/5966\/revisions"}],"predecessor-version":[{"id":5982,"href":"https:\/\/www.baridamakina.com\/en\/wp-json\/wp\/v2\/pages\/5966\/revisions\/5982"}],"wp:attachment":[{"href":"https:\/\/www.baridamakina.com\/en\/wp-json\/wp\/v2\/media?parent=5966"}],"curies":[{"name":"wp","href":"https:\/\/api.w.org\/{rel}","templated":true}]}}