{"id":5348,"date":"2020-06-02T15:39:59","date_gmt":"2020-06-02T12:39:59","guid":{"rendered":"http:\/\/www.baridamakina.com\/?page_id=5348"},"modified":"2020-06-13T21:37:22","modified_gmt":"2020-06-13T18:37:22","slug":"maintenance","status":"publish","type":"page","link":"https:\/\/www.baridamakina.com\/tr\/maintenance\/","title":{"rendered":"Maintenance"},"content":{"rendered":"\t\t<div data-elementor-type=\"wp-page\" data-elementor-id=\"5348\" class=\"elementor elementor-5348\">\n\t\t\t\t\t\t\t\t\t<section class=\"elementor-section elementor-top-section elementor-element elementor-element-804323f elementor-section-boxed elementor-section-height-default elementor-section-height-default\" data-id=\"804323f\" data-element_type=\"section\">\n\t\t\t\t\t\t<div class=\"elementor-container elementor-column-gap-default\">\n\t\t\t\t\t<div class=\"elementor-column elementor-col-100 elementor-top-column elementor-element elementor-element-bb1e46e\" data-id=\"bb1e46e\" data-element_type=\"column\">\n\t\t\t<div class=\"elementor-widget-wrap elementor-element-populated\">\n\t\t\t\t\t\t\t\t<div class=\"elementor-element elementor-element-043d047 elementor-widget elementor-widget-spacer\" data-id=\"043d047\" data-element_type=\"widget\" data-widget_type=\"spacer.default\">\n\t\t\t\t<div class=\"elementor-widget-container\">\n\t\t\t\t\t<div class=\"elementor-spacer\">\n\t\t\t<div class=\"elementor-spacer-inner\"><\/div>\n\t\t<\/div>\n\t\t\t\t<\/div>\n\t\t\t\t<\/div>\n\t\t\t\t<div class=\"elementor-element elementor-element-08fe8ab elementor-widget elementor-widget-elementskit-countdown-timer\" data-id=\"08fe8ab\" data-element_type=\"widget\" data-widget_type=\"elementskit-countdown-timer.default\">\n\t\t\t\t<div class=\"elementor-widget-container\">\n\t\t\t<div class=\"ekit-wid-con\" ><div class=\"elementskit-countdown-container text-center\">\n                    <div class=\"elementskit-countdown-timer-4 ekit-countdown\"  data-date-ekit-day=\"G\u00fcn\" data-date-ekit-hour=\"Saat\" data-date-ekit-minute=\"Dakika\" data-date-ekit-second=\"Saniye\" data-ekit-countdown=\"2020-06-30 00:00\" data-finish-title=\"Geri Say\u0131m Sona Erdi. Web sitemiz \u00e7ok yak\u0131nda hizmetinizde.\" data-finish-content=\"\"><\/div>\n                <\/div><\/div>\t\t<\/div>\n\t\t\t\t<\/div>\n\t\t\t\t<div class=\"elementor-element elementor-element-fb0c518 elementor-widget elementor-widget-progress\" data-id=\"fb0c518\" data-element_type=\"widget\" data-widget_type=\"progress.default\">\n\t\t\t\t<div class=\"elementor-widget-container\">\n\t\t\t\n\t\t<div class=\"elementor-progress-wrapper\" role=\"progressbar\" aria-valuemin=\"0\" aria-valuemax=\"100\" aria-valuenow=\"45\" aria-valuetext=\"45% (Yenileniyoruz)\">\n\t\t\t<div class=\"elementor-progress-bar\" data-max=\"45\">\n\t\t\t\t<span class=\"elementor-progress-text\">Yenileniyoruz<\/span>\n\t\t\t\t\t\t\t\t\t<span class=\"elementor-progress-percentage\">45%<\/span>\n\t\t\t\t\t\t\t<\/div>\n\t\t<\/div>\n\t\t\t\t<\/div>\n\t\t\t\t<\/div>\n\t\t\t\t<div class=\"elementor-element elementor-element-d464c77 elementor-widget elementor-widget-spacer\" data-id=\"d464c77\" data-element_type=\"widget\" data-widget_type=\"spacer.default\">\n\t\t\t\t<div class=\"elementor-widget-container\">\n\t\t\t\t\t<div class=\"elementor-spacer\">\n\t\t\t<div class=\"elementor-spacer-inner\"><\/div>\n\t\t<\/div>\n\t\t\t\t<\/div>\n\t\t\t\t<\/div>\n\t\t\t\t\t<\/div>\n\t\t<\/div>\n\t\t\t\t\t\t\t<\/div>\n\t\t<\/section>\n\t\t\t\t<section class=\"elementor-section elementor-top-section elementor-element elementor-element-92f6565 elementor-section-boxed elementor-section-height-default elementor-section-height-default\" data-id=\"92f6565\" data-element_type=\"section\">\n\t\t\t\t\t\t<div class=\"elementor-container elementor-column-gap-default\">\n\t\t\t\t\t<div class=\"elementor-column elementor-col-33 elementor-top-column elementor-element elementor-element-0b8c673\" data-id=\"0b8c673\" data-element_type=\"column\" data-settings=\"{&quot;background_background&quot;:&quot;classic&quot;}\">\n\t\t\t<div class=\"elementor-widget-wrap elementor-element-populated\">\n\t\t\t\t\t\t\t\t<div class=\"elementor-element elementor-element-68c1427 elementor-widget elementor-widget-heading\" data-id=\"68c1427\" data-element_type=\"widget\" data-widget_type=\"heading.default\">\n\t\t\t\t<div class=\"elementor-widget-container\">\n\t\t\t<h2 class=\"elementor-heading-title elementor-size-default\">Bu s\u00fcre\u00e7te bize ula\u015fmak i\u00e7in<\/h2>\t\t<\/div>\n\t\t\t\t<\/div>\n\t\t\t\t<div class=\"elementor-element elementor-element-3549180 elementor-widget elementor-widget-text-editor\" data-id=\"3549180\" data-element_type=\"widget\" data-widget_type=\"text-editor.default\">\n\t\t\t\t<div class=\"elementor-widget-container\">\n\t\t\t\t\t\t\t<p>\u0130leti\u015fim formumuzu kullanabilirsiniz.<\/p>\t\t\t\t\t\t<\/div>\n\t\t\t\t<\/div>\n\t\t\t\t\t<\/div>\n\t\t<\/div>\n\t\t\t\t<div class=\"elementor-column elementor-col-66 elementor-top-column elementor-element elementor-element-5c59b38\" data-id=\"5c59b38\" data-element_type=\"column\" data-settings=\"{&quot;background_background&quot;:&quot;classic&quot;}\">\n\t\t\t<div class=\"elementor-widget-wrap elementor-element-populated\">\n\t\t\t\t\t\t\t\t<div class=\"elementor-element elementor-element-5342741 elementor-widget elementor-widget-html\" data-id=\"5342741\" data-element_type=\"widget\" data-widget_type=\"html.default\">\n\t\t\t\t<div class=\"elementor-widget-container\">\n\t\t\t\n                <div class='gf_browser_gecko gform_wrapper _wrapper gf_stylespro_wrapper sp_chisel_wrapper' id='gform_wrapper_2' ><div id='gf_2' class='gform_anchor' tabindex='-1'><\/div><form method='post' enctype='multipart\/form-data' target='gform_ajax_frame_2' id='gform_2' class=' gf_stylespro sp_chisel' action='\/tr\/wp-json\/wp\/v2\/pages\/5348#gf_2'>\n                        <div class='gform_heading'>\n                            <h3 class='gform_title'>\u0130leti\u015fim Formu<\/h3>\n                            <span class='gform_description'>Bizimle her konuda ileti\u015fime ge\u00e7mek i\u00e7in l\u00fctfen a\u015fa\u011f\u0131daki formu doldurunuz..<\/span>\n                        <\/div>\n                        <div class='gform_body'><ul id='gform_fields_2' class='gform_fields top_label form_sublabel_below description_below'><li id='field_2_1'  class='gfield gfield_contains_required field_sublabel_below field_description_below gfield_visibility_visible gf_icn_inset o_medium' ><label class='gfield_label' for='input_2_1' >Ad\u0131n\u0131z (gerekli)<span class='gfield_required'>*<\/span><\/label><div class='ginput_container has_gfsp_icn ginput_container_text'><span class=\"gfsp_icon\"><i class=\"md md-person\"><\/i><\/span><input name='input_1' id='input_2_1' type='text' value='' class='large full'     aria-required=\"true\" aria-invalid=\"false\" \/><\/div><\/li><li id='field_2_6'  class='gfield gfield_contains_required field_sublabel_below field_description_below gfield_visibility_visible gf_icn_inset o_medium' ><label class='gfield_label gfield_label_before_complex'  >Email Adresiniz (gerekli)<span class='gfield_required'>*<\/span><\/label><div class='ginput_complex ginput_container has_gfsp_icn ginput_container_email' id='input_2_6_container'>\n                                <span id='input_2_6_1_container' class='ginput_left'>\n                                    <span class=\"gfsp_icon\"><i class=\"md md-email\"><\/i><\/span><input class='' type='text' name='input_6' id='input_2_6' value=''    aria-required=\"true\" aria-invalid=\"false\"\/>\n                                    <label for='input_2_6' >E-posta girin<\/label>\n                                <\/span>\n                                <span id='input_2_6_2_container' class='ginput_right'>\n                                    <span class=\"gfsp_icon\"><i class=\"md md-email\"><\/i><\/span><input class='' type='text' name='input_6_2' id='input_2_6_2' value=''    aria-required=\"true\" aria-invalid=\"false\"\/>\n                                    <label for='input_2_6_2' >E-postay\u0131 do\u011frula<\/label>\n                                <\/span>\n                                <div class='gf_clear gf_clear_complex'><\/div>\n                            <\/div><\/li><li id='field_2_3'  class='gfield gfield_contains_required field_sublabel_below field_description_below gfield_visibility_visible gf_icn_inset o_medium' ><label class='gfield_label' for='input_2_3' >Telefon Numaran\u0131z (gerekli)<span class='gfield_required'>*<\/span><\/label><div class='ginput_container has_gfsp_icn ginput_container_text'><span class=\"gfsp_icon\"><i class=\"md md-local_phone\"><\/i><\/span><input name='input_3' id='input_2_3' type='text' value='' class='large full'     aria-required=\"true\" aria-invalid=\"false\" \/><\/div><\/li><li id='field_2_4'  class='gfield gfield_contains_required field_sublabel_below field_description_below gfield_visibility_visible gf_icn_inset o_medium' ><label class='gfield_label' for='input_2_4' >Konu (gerekli)<span class='gfield_required'>*<\/span><\/label><div class='ginput_container has_gfsp_icn ginput_container_text'><span class=\"gfsp_icon\"><i class=\"md md-subject\"><\/i><\/span><input name='input_4' id='input_2_4' type='text' value='' class='large full'     aria-required=\"true\" aria-invalid=\"false\" \/><\/div><\/li><li id='field_2_5'  class='gfield gfield_contains_required field_sublabel_below field_description_below gfield_visibility_visible gf_icn_inset o_medium' ><label class='gfield_label' for='input_2_5' >\u0130letiniz (Max 500 karakter)<span class='gfield_required'>*<\/span><\/label><div class='ginput_container ginput_container_textarea'><textarea name='input_5' id='input_2_5' class='textarea large full'   maxlength='500'  aria-required=\"true\" aria-invalid=\"false\"   rows='10' cols='50'><\/textarea><\/div><\/li><li id='field_2_7'  class='gfield gfield_contains_required field_sublabel_below field_description_below gfield_visibility_visible o_medium' ><label class='gfield_label'  >Ki\u015fisel Veri Kullanma Onay\u0131<span class='gfield_required'>*<\/span><\/label><div class='ginput_container ginput_container_consent'><input name='input_7.1' id='input_2_7_1' type='checkbox' value='1'   aria-required=\"true\" aria-invalid=\"false\"   \/> <label class=\"gfield_consent_label\" for='input_2_7_1' >Ki\u015fisel verilerimin i\u015flenmesini ve ticari ileti g\u00f6nderilmesini kabul ediyorum.<\/label><input type='hidden' name='input_7.2' value='Ki\u015fisel verilerimin i\u015flenmesini ve ticari ileti g\u00f6nderilmesini kabul ediyorum.' class='gform_hidden' \/><input type='hidden' name='input_7.3' value='1' class='gform_hidden' \/><\/div><\/li><li id='field_2_8'  class='gfield field_sublabel_below field_description_below gfield_visibility_visible' ><label class='gfield_label' for='input_2_8' >L\u00fctfen i\u015faretleyiniz<\/label><div id='input_2_8' class='ginput_container ginput_recaptcha' data-sitekey='6Ldd_3IUAAAAAFxLQDxqjtGv4kMyQtsp-PHmN7QZ' data-stoken='dnxOqcochwVf2CKckNI_5Xya22RnSR0u1fvZwelt1y3TV-F9rxl-dGwTmOj_D-A5Sa2_Top_OqR3r9amlJS_zlnHlxvsEmDcD6n9tEFD73E' data-theme='light' data-tabindex='0'  data-badge=''><\/div><\/li>\n                            <\/ul><\/div>\n        <div class='gform_footer top_label'> <input type='submit' id='gform_submit_button_2' class='gform_button button' value='G\u00f6nder &gt;&gt;'  onclick='if(window[\"gf_submitting_2\"]){return false;}  window[\"gf_submitting_2\"]=true;  ' onkeypress='if( event.keyCode == 13 ){ if(window[\"gf_submitting_2\"]){return false;} window[\"gf_submitting_2\"]=true;  jQuery(\"#gform_2\").trigger(\"submit\",[true]); }' \/> <input type='hidden' name='gform_ajax' value='form_id=2&amp;title=1&amp;description=1&amp;tabindex=0' \/>\n            <input type='hidden' class='gform_hidden' name='is_submit_2' value='1' \/>\n            <input type='hidden' class='gform_hidden' name='gform_submit' value='2' \/>\n            \n            <input type='hidden' class='gform_hidden' name='gform_unique_id' value='' \/>\n            <input type='hidden' class='gform_hidden' name='state_2' value='WyJ7XCI3LjFcIjpcImU5MWFhNTAyOWVmYWE5OWRkMmJhZmJkMDNmYzBiYzIwXCIsXCI3LjJcIjpcIjU3MTE0NmZmY2FmOTBiNGUxMDE4NGVlNjg5YTZiNmFmXCIsXCI3LjNcIjpcImU5MWFhNTAyOWVmYWE5OWRkMmJhZmJkMDNmYzBiYzIwXCJ9IiwiZDBjZTBjMGQ3Njk1MGI4Njk5MGNiZGMxYmQxZGNkYjQiXQ==' \/>\n            <input type='hidden' class='gform_hidden' name='gform_target_page_number_2' id='gform_target_page_number_2' value='0' \/>\n            <input type='hidden' class='gform_hidden' name='gform_source_page_number_2' id='gform_source_page_number_2' value='1' \/>\n            <input type='hidden' name='gform_field_values' value='' \/>\n            \n        <\/div>\n                        <\/form>\n                        <\/div>\n                <iframe style='display:none;width:0px;height:0px;' src='about:blank' name='gform_ajax_frame_2' id='gform_ajax_frame_2' title='Bu iframe, Ajax destekli Gravity Forms i\u015flemleri i\u00e7in gereken mant\u0131\u011f\u0131 i\u00e7erir.'><\/iframe>\n                <script type='text\/javascript'>jQuery(document).ready(function($){gformInitSpinner( 2, 'https:\/\/www.baridamakina.com\/wp-content\/plugins\/gravityforms\/images\/spinner.gif' );jQuery('#gform_ajax_frame_2').on('load',function(){var contents = jQuery(this).contents().find('*').html();var is_postback = contents.indexOf('GF_AJAX_POSTBACK') >= 0;if(!is_postback){return;}var form_content = jQuery(this).contents().find('#gform_wrapper_2');var is_confirmation = jQuery(this).contents().find('#gform_confirmation_wrapper_2').length > 0;var is_redirect = contents.indexOf('gformRedirect(){') >= 0;var is_form = form_content.length > 0 && ! is_redirect && ! is_confirmation;var mt = parseInt(jQuery('html').css('margin-top'), 10) + parseInt(jQuery('body').css('margin-top'), 10) + 100;if(is_form){jQuery('#gform_wrapper_2').html(form_content.html());if(form_content.hasClass('gform_validation_error')){jQuery('#gform_wrapper_2').addClass('gform_validation_error');} else {jQuery('#gform_wrapper_2').removeClass('gform_validation_error');}setTimeout( function() { \/* delay the scroll by 50 milliseconds to fix a bug in chrome *\/ jQuery(document).scrollTop(jQuery('#gform_wrapper_2').offset().top - mt); }, 50 );if(window['gformInitDatepicker']) {gformInitDatepicker();}if(window['gformInitPriceFields']) {gformInitPriceFields();}var current_page = jQuery('#gform_source_page_number_2').val();gformInitSpinner( 2, 'https:\/\/www.baridamakina.com\/wp-content\/plugins\/gravityforms\/images\/spinner.gif' );jQuery(document).trigger('gform_page_loaded', [2, current_page]);window['gf_submitting_2'] = false;}else if(!is_redirect){var confirmation_content = jQuery(this).contents().find('.GF_AJAX_POSTBACK').html();if(!confirmation_content){confirmation_content = contents;}setTimeout(function(){jQuery('#gform_wrapper_2').replaceWith(confirmation_content);jQuery(document).scrollTop(jQuery('#gf_2').offset().top - mt);jQuery(document).trigger('gform_confirmation_loaded', [2]);window['gf_submitting_2'] = false;}, 50);}else{jQuery('#gform_2').append(contents);if(window['gformRedirect']) {gformRedirect();}}jQuery(document).trigger('gform_post_render', [2, current_page]);} );} );<\/script><script type='text\/javascript'> jQuery(document).bind('gform_post_render', function(event, formId, currentPage){if(formId == 2) {if(!jQuery('#input_2_5+.ginput_counter').length){jQuery('#input_2_5').textareaCount(    {'maxCharacterSize': 500,    'originalStyle': 'ginput_counter',\t 'truncate': true,\t 'errorStyle' : '',    'displayFormat' : '#input \/ #max en fazla karakter'    });jQuery('input_2_5').next('.ginput_counter').attr('aria-live','polite');}jQuery(document).ready(function(){ $wrapper = jQuery(\"#gform_wrapper_2\"); $wrapper.find(\".gf_icon_after .gfsp_icon\").each(function() { jQuery(this).next().after(this); });  $wrapper.find(\".gf_icon_after .ginput_container_date .gfsp_icon, .gf_icon_after .ginput_container_time .gfsp_icon\").each(function() { jQuery(this).closest(\".ginput_container\").siblings(\":last\").find(\"input, select\").after(this); }) });} } );jQuery(document).bind('gform_post_conditional_logic', function(event, formId, fields, isInit){} );<\/script><script type='text\/javascript'> jQuery(document).ready(function(){jQuery(document).trigger('gform_post_render', [2, 1]) } ); <\/script>\t\t<\/div>\n\t\t\t\t<\/div>\n\t\t\t\t\t<\/div>\n\t\t<\/div>\n\t\t\t\t\t\t\t<\/div>\n\t\t<\/section>\n\t\t\t\t\t\t\t<\/div>\n\t\t","protected":false},"excerpt":{"rendered":"<p>Yenileniyoruz 45% Bu s\u00fcre\u00e7te bize ula\u015fmak i\u00e7in \u0130leti\u015fim formumuzu kullanabilirsiniz.<\/p>\n","protected":false},"author":1,"featured_media":0,"parent":0,"menu_order":0,"comment_status":"closed","ping_status":"closed","template":"elementor_canvas","meta":[],"_links":{"self":[{"href":"https:\/\/www.baridamakina.com\/tr\/wp-json\/wp\/v2\/pages\/5348"}],"collection":[{"href":"https:\/\/www.baridamakina.com\/tr\/wp-json\/wp\/v2\/pages"}],"about":[{"href":"https:\/\/www.baridamakina.com\/tr\/wp-json\/wp\/v2\/types\/page"}],"author":[{"embeddable":true,"href":"https:\/\/www.baridamakina.com\/tr\/wp-json\/wp\/v2\/users\/1"}],"replies":[{"embeddable":true,"href":"https:\/\/www.baridamakina.com\/tr\/wp-json\/wp\/v2\/comments?post=5348"}],"version-history":[{"count":22,"href":"https:\/\/www.baridamakina.com\/tr\/wp-json\/wp\/v2\/pages\/5348\/revisions"}],"predecessor-version":[{"id":5727,"href":"https:\/\/www.baridamakina.com\/tr\/wp-json\/wp\/v2\/pages\/5348\/revisions\/5727"}],"wp:attachment":[{"href":"https:\/\/www.baridamakina.com\/tr\/wp-json\/wp\/v2\/media?parent=5348"}],"curies":[{"name":"wp","href":"https:\/\/api.w.org\/{rel}","templated":true}]}}